{"id":18998,"date":"2022-05-04T21:59:18","date_gmt":"2022-05-04T21:59:18","guid":{"rendered":"https:\/\/incalzire.md\/?page_id=18998"},"modified":"2022-05-17T09:20:19","modified_gmt":"2022-05-17T09:20:19","slug":"proiecte-indeplinite","status":"publish","type":"page","link":"https:\/\/incalzire.md\/ru\/proiecte-indeplinite\/","title":{"rendered":"Proiecte \u00eendeplinite"},"content":{"rendered":"\t\t<div data-elementor-type=\"wp-page\" data-elementor-id=\"18998\" class=\"elementor elementor-18998\">\n\t\t\t\t\t\t\t\t\t<section class=\"elementor-section elementor-top-section elementor-element elementor-element-56550d3 elementor-section-boxed elementor-section-height-default elementor-section-height-default\" data-id=\"56550d3\" data-element_type=\"section\">\n\t\t\t\t\t\t<div class=\"elementor-container elementor-column-gap-default\">\n\t\t\t\t\t<div class=\"elementor-column elementor-col-100 elementor-top-column elementor-element elementor-element-ccd29ae\" data-id=\"ccd29ae\" data-element_type=\"column\">\n\t\t\t<div class=\"elementor-widget-wrap elementor-element-populated\">\n\t\t\t\t\t\t\t\t<div class=\"elementor-element elementor-element-7da1a23 elementor-widget elementor-widget-ts-portfolios\" data-id=\"7da1a23\" data-element_type=\"widget\" data-widget_type=\"ts-portfolios.default\">\n\t\t\t\t<div class=\"elementor-widget-container\">\n\t\t\t\t\t\t<div class=\"ts-portfolio-wrapper ts-shortcode loading ts-masonry columns-3\" data-atts=\"{&quot;columns&quot;:&quot;3&quot;,&quot;limit&quot;:8,&quot;categories&quot;:&quot;388,389&quot;,&quot;orderby&quot;:&quot;none&quot;,&quot;order&quot;:&quot;DESC&quot;,&quot;show_filter_bar&quot;:&quot;1&quot;,&quot;show_title&quot;:&quot;1&quot;,&quot;show_categories&quot;:&quot;1&quot;,&quot;show_like_icon&quot;:&quot;1&quot;,&quot;original_image&quot;:&quot;1&quot;,&quot;is_slider&quot;:&quot;0&quot;,&quot;show_nav&quot;:&quot;1&quot;,&quot;auto_play&quot;:&quot;0&quot;}\" >\n\t\t\t\n\t\t\t\t\t\t\n\t\t\t\t\t\t\t\t<ul class=\"filter-bar\">\n\t\t\t\t\t\t<li data-filter=\"*\" class=\"current\">\u0412\u0441\u0435<\/li>\n\t\t\t\t\t\t\t\t\t\t\t\t<li data-filter=\".exterior\">\u041d\u0430\u0440\u0443\u0436\u043d\u044b\u0435 \u0440\u0430\u0431\u043e\u0442\u044b<\/li>\n\t\t\t\t\t\t\t\t\t\t\t\t<li data-filter=\".interior\">\u0412\u043d\u0443\u0442\u0440\u0435\u043d\u043d\u0438\u0435 \u0440\u0430\u0431\u043e\u0442\u044b<\/li>\n\t\t\t\t\t\t\t\t\t\t\t<\/ul>\n\t\t\t\t\t\t\t\t\t<div class=\"portfolio-inner items\">\n\t\t\t\t\t\t\t\t\t<div class=\"item exterior \">\n\t\t\t\t\t<div class=\"item-wrapper\">\n\t\t\t\t\t\t<div class=\"portfolio-thumbnail\">\n\t\t\t\t\t\t\t<figure>\n\t\t\t\t\t\t\t\t<a href=\"https:\/\/incalzire.md\/ru\/portfolio\/jabra-wireless-headphone\/\">\n\t\t\t\t\t\t\t\t<img loading=\"lazy\" decoding=\"async\" width=\"720\" height=\"540\" src=\"https:\/\/incalzire.md\/wp-content\/uploads\/2021\/04\/Job2-e1652901080170.jpg\" class=\"attachment-full size-full wp-post-image\" alt=\"\" \/>\t\t\n\t\t\t\t\t\t\t\t<\/a>\t\t\t\t\t\t\t\t\n\t\t\t\t\t\t\t<\/figure>\n\t\t\t\t\t\t<\/div>\n\t\t\t\t\t\t\n\t\t\t\t\t\t<div class=\"portfolio-meta\">\n\t\t\t\t\t\t\t\t\n\t\t\t\t\t\t\t\t\t\t\t\t\t\t\t\t<a href=\"#\" class=\"like \" \n\t\t\t\t\t\t\t\t\tdata-post_id=\"18190\" title=\"Like it\"\n\t\t\t\t\t\t\t\t\tdata-liked-title=\"You liked it\" data-like-title=\"Like it\">\n\t\t\t\t\t\t\t\t<\/a>\n\t\t\t\t\t\t\t\t\t\t\t\t\t\t\t\t\n\t\t\t\t\t\t\t\t\t\t\t\t\t\t\t\t<div class=\"cats-portfolio\">\n\t\t\t\t\t\t\t\t\t<a href=\"https:\/\/incalzire.md\/ru\/ts_portfolio_cat\/exterior\/\" rel=\"tag\">\u041d\u0430\u0440\u0443\u0436\u043d\u044b\u0435 \u0440\u0430\u0431\u043e\u0442\u044b<\/a>\t\t\t\t\t\t\t\t<\/div>\n\t\t\t\t\t\t\t\t\t\t\t\t\t\t\t\n\t\t\t\t\t\t\t\t\t\t\t\t\t\t\t\t<h4 class=\"heading-title\">\n\t\t\t\t\t\t\t\t\t<a href=\"https:\/\/incalzire.md\/ru\/portfolio\/jabra-wireless-headphone\/\">\n\t\t\t\t\t\t\t\t\t\t\u0423\u0441\u0442\u0430\u043d\u043e\u0432\u043a\u0430 \u043a\u0430\u0431\u0435\u043b\u044c\u043d\u043e\u0433\u043e \u043e\u0442\u043e\u043f\u043b\u0435\u043d\u0438\u044f \u0441\u043d\u0430\u0440\u0443\u0436\u0438\t\t\t\t\t\t\t\t\t<\/a>\n\t\t\t\t\t\t\t\t<\/h4>\n\t\t\t\t\t\t\t\t\n\t\t\t\t\t\t<\/div>\n\t\t\t\t\t<\/div>\n\t\t\t\t<\/div>\n\t\t\t\t\t\t\t<div class=\"item interior \">\n\t\t\t\t\t<div class=\"item-wrapper\">\n\t\t\t\t\t\t<div class=\"portfolio-thumbnail\">\n\t\t\t\t\t\t\t<figure>\n\t\t\t\t\t\t\t\t<a href=\"https:\/\/incalzire.md\/ru\/portfolio\/xbox-core-controller-2\/\">\n\t\t\t\t\t\t\t\t<img loading=\"lazy\" decoding=\"async\" width=\"960\" height=\"540\" src=\"https:\/\/incalzire.md\/wp-content\/uploads\/2021\/04\/15977544_561213424074628_6202254125873405015_n.jpg\" class=\"attachment-full size-full wp-post-image\" alt=\"\" srcset=\"https:\/\/incalzire.md\/wp-content\/uploads\/2021\/04\/15977544_561213424074628_6202254125873405015_n.jpg 960w, https:\/\/incalzire.md\/wp-content\/uploads\/2021\/04\/15977544_561213424074628_6202254125873405015_n-300x169.jpg 300w, https:\/\/incalzire.md\/wp-content\/uploads\/2021\/04\/15977544_561213424074628_6202254125873405015_n-768x432.jpg 768w, https:\/\/incalzire.md\/wp-content\/uploads\/2021\/04\/15977544_561213424074628_6202254125873405015_n-600x338.jpg 600w\" sizes=\"auto, (max-width: 960px) 100vw, 960px\" \/>\t\t\n\t\t\t\t\t\t\t\t<\/a>\t\t\t\t\t\t\t\t\n\t\t\t\t\t\t\t<\/figure>\n\t\t\t\t\t\t<\/div>\n\t\t\t\t\t\t\n\t\t\t\t\t\t<div class=\"portfolio-meta\">\n\t\t\t\t\t\t\t\t\n\t\t\t\t\t\t\t\t\t\t\t\t\t\t\t\t<a href=\"#\" class=\"like \" \n\t\t\t\t\t\t\t\t\tdata-post_id=\"18192\" title=\"Like it\"\n\t\t\t\t\t\t\t\t\tdata-liked-title=\"You liked it\" data-like-title=\"Like it\">\n\t\t\t\t\t\t\t\t<\/a>\n\t\t\t\t\t\t\t\t\t\t\t\t\t\t\t\t\n\t\t\t\t\t\t\t\t\t\t\t\t\t\t\t\t<div class=\"cats-portfolio\">\n\t\t\t\t\t\t\t\t\t<a href=\"https:\/\/incalzire.md\/ru\/ts_portfolio_cat\/interior\/\" rel=\"tag\">\u0412\u043d\u0443\u0442\u0440\u0435\u043d\u043d\u0438\u0435 \u0440\u0430\u0431\u043e\u0442\u044b<\/a>\t\t\t\t\t\t\t\t<\/div>\n\t\t\t\t\t\t\t\t\t\t\t\t\t\t\t\n\t\t\t\t\t\t\t\t\t\t\t\t\t\t\t\t<h4 class=\"heading-title\">\n\t\t\t\t\t\t\t\t\t<a href=\"https:\/\/incalzire.md\/ru\/portfolio\/xbox-core-controller-2\/\">\n\t\t\t\t\t\t\t\t\t\t\u0423\u0441\u0442\u0430\u043d\u043e\u0432\u043a\u0430 \u0438\u043d\u0444\u0440\u0430\u043a\u0440\u0430\u0441\u043d\u043e\u0439 \u043f\u043b\u0435\u043d\u043a\u0438 \u0441 \u043f\u043e\u0434\u043e\u0433\u0440\u0435\u0432\u043e\u043c\t\t\t\t\t\t\t\t\t<\/a>\n\t\t\t\t\t\t\t\t<\/h4>\n\t\t\t\t\t\t\t\t\n\t\t\t\t\t\t<\/div>\n\t\t\t\t\t<\/div>\n\t\t\t\t<\/div>\n\t\t\t\t\t\t\t<\/div>\n\t\t\t\t\n\t\t\t\t\t\t\t<\/div>\n\t\t\t\n\t\t\t\t\t<\/div>\n\t\t\t\t<\/div>\n\t\t\t\t\t<\/div>\n\t\t<\/div>\n\t\t\t\t\t\t\t<\/div>\n\t\t<\/section>\n\t\t\t\t<section class=\"elementor-section elementor-top-section elementor-element elementor-element-395ccd7 elementor-section-full_width elementor-section-stretched elementor-section-height-default elementor-section-height-default\" data-id=\"395ccd7\" data-element_type=\"section\" data-settings=\"{&quot;stretch_section&quot;:&quot;section-stretched&quot;}\">\n\t\t\t\t\t\t<div class=\"elementor-container elementor-column-gap-no\">\n\t\t\t\t\t<div class=\"elementor-column elementor-col-100 elementor-top-column elementor-element elementor-element-c869f67\" data-id=\"c869f67\" data-element_type=\"column\">\n\t\t\t<div class=\"elementor-widget-wrap elementor-element-populated\">\n\t\t\t\t\t\t\t\t<div class=\"elementor-element elementor-element-311e618 elementor-widget-divider--view-line elementor-widget elementor-widget-divider\" data-id=\"311e618\" data-element_type=\"widget\" data-widget_type=\"divider.default\">\n\t\t\t\t<div class=\"elementor-widget-container\">\n\t\t\t\t\t<div class=\"elementor-divider\">\n\t\t\t<span class=\"elementor-divider-separator\">\n\t\t\t\t\t\t<\/span>\n\t\t<\/div>\n\t\t\t\t<\/div>\n\t\t\t\t<\/div>\n\t\t\t\t\t<\/div>\n\t\t<\/div>\n\t\t\t\t\t\t\t<\/div>\n\t\t<\/section>\n\t\t\t\t<section class=\"elementor-section elementor-top-section elementor-element elementor-element-bbf686e elementor-section-stretched elementor-section-boxed elementor-section-height-default elementor-section-height-default\" data-id=\"bbf686e\" data-element_type=\"section\" data-settings=\"{&quot;stretch_section&quot;:&quot;section-stretched&quot;,&quot;background_background&quot;:&quot;video&quot;,&quot;background_video_link&quot;:&quot;https:\\\/\\\/incalzire.md\\\/wp-content\\\/uploads\\\/2022\\\/05\\\/Y2Mate.is-100m2-podea-calda-cu-folie-infrarosie-ca-incalzire-de-baza.-9zone-de-lucru.-Tel.078-7000-45-vFq-i8NrlCE-720p-1651937628501.mp4&quot;,&quot;background_play_on_mobile&quot;:&quot;yes&quot;}\">\n\t\t\t\t\t\t\t\t<div class=\"elementor-background-video-container\">\n\t\t\t\t\t\t\t\t\t\t\t\t\t<video class=\"elementor-background-video-hosted elementor-html5-video\" autoplay muted playsinline loop><\/video>\n\t\t\t\t\t\t\t\t\t\t\t<\/div>\n\t\t\t\t\t\t\t\t<div class=\"elementor-container elementor-column-gap-default\">\n\t\t\t\t\t<div class=\"elementor-column elementor-col-100 elementor-top-column elementor-element elementor-element-45b202c\" data-id=\"45b202c\" data-element_type=\"column\">\n\t\t\t<div class=\"elementor-widget-wrap elementor-element-populated\">\n\t\t\t\t\t\t\t\t<div class=\"elementor-element elementor-element-b00454d elementor-widget elementor-widget-heading\" data-id=\"b00454d\" data-element_type=\"widget\" data-widget_type=\"heading.default\">\n\t\t\t\t<div class=\"elementor-widget-container\">\n\t\t\t<h2 class=\"elementor-heading-title elementor-size-large\"><a href=\"https:\/\/incalzire.md\/wp-content\/uploads\/2022\/05\/Y2Mate.is-100m2-podea-calda-cu-folie-infrarosie-ca-incalzire-de-baza.-9zone-de-lucru.-Tel.078-7000-45-vFq-i8NrlCE-720p-1651937628501.mp4\">WE LOVE WHAT WE DO.<\/a><\/h2>\t\t<\/div>\n\t\t\t\t<\/div>\n\t\t\t\t<div class=\"elementor-element elementor-element-6b6ad11 elementor-widget elementor-widget-text-editor\" data-id=\"6b6ad11\" data-element_type=\"widget\" data-widget_type=\"text-editor.default\">\n\t\t\t\t<div class=\"elementor-widget-container\">\n\t\t\t\t\t\t\t<p class=\"ts-description-2\" style=\"text-align: center;\">Lorem ipsum dolor sit amet, consectetur adipiscing elit. Morbi ut mi at lectus rhoncus dictum nec placerat velit. Fusce tempus at nulla eget dapibus. Mauris at imperdiet risus. Aliquam dignissim egestas nisi porttitor.<\/p>\t\t\t\t\t\t<\/div>\n\t\t\t\t<\/div>\n\t\t\t\t<section class=\"elementor-section elementor-inner-section elementor-element elementor-element-1dd97d7 elementor-section-boxed elementor-section-height-default elementor-section-height-default\" data-id=\"1dd97d7\" data-element_type=\"section\">\n\t\t\t\t\t\t<div class=\"elementor-container elementor-column-gap-default\">\n\t\t\t\t\t<div class=\"elementor-column elementor-col-100 elementor-inner-column elementor-element elementor-element-61be435\" data-id=\"61be435\" data-element_type=\"column\">\n\t\t\t<div class=\"elementor-widget-wrap elementor-element-populated\">\n\t\t\t\t\t\t\t\t<div class=\"elementor-element elementor-element-8f0bf92 elementor-aspect-ratio-169 elementor-widget elementor-widget-video\" data-id=\"8f0bf92\" data-element_type=\"widget\" data-settings=\"{&quot;show_image_overlay&quot;:&quot;yes&quot;,&quot;image_overlay&quot;:{&quot;url&quot;:&quot;https:\\\/\\\/incalzire.md\\\/wp-content\\\/uploads\\\/2021\\\/05\\\/button-play.png&quot;,&quot;id&quot;:18383},&quot;lightbox&quot;:&quot;yes&quot;,&quot;video_type&quot;:&quot;hosted&quot;,&quot;controls&quot;:&quot;yes&quot;,&quot;aspect_ratio&quot;:&quot;169&quot;}\" data-widget_type=\"video.default\">\n\t\t\t\t<div class=\"elementor-widget-container\">\n\t\t\t\t\t<div class=\"e-hosted-video elementor-wrapper elementor-open-lightbox\">\n\t\t\t\t\t\t\t<div class=\"elementor-custom-embed-image-overlay\" data-elementor-open-lightbox=\"yes\" data-elementor-lightbox=\"{&quot;type&quot;:&quot;video&quot;,&quot;videoType&quot;:&quot;hosted&quot;,&quot;url&quot;:&quot;https:\\\/\\\/incalzire.md\\\/wp-content\\\/uploads\\\/2022\\\/05\\\/Y2Mate.is-100m2-podea-calda-cu-folie-infrarosie-ca-incalzire-de-baza.-9zone-de-lucru.-Tel.078-7000-45-vFq-i8NrlCE-720p-1651937628501.mp4&quot;,&quot;modalOptions&quot;:{&quot;id&quot;:&quot;elementor-lightbox-8f0bf92&quot;,&quot;entranceAnimation&quot;:&quot;&quot;,&quot;entranceAnimation_tablet&quot;:&quot;&quot;,&quot;entranceAnimation_mobile&quot;:&quot;&quot;,&quot;videoAspectRatio&quot;:&quot;169&quot;},&quot;videoParams&quot;:{&quot;controls&quot;:&quot;&quot;,&quot;controlsList&quot;:&quot;nodownload&quot;}}\" e-action-hash=\"#elementor-action%3Aaction%3Dlightbox%26settings%3DeyJ0eXBlIjoidmlkZW8iLCJ2aWRlb1R5cGUiOiJob3N0ZWQiLCJ1cmwiOiJodHRwczpcL1wvaW5jYWx6aXJlLm1kXC93cC1jb250ZW50XC91cGxvYWRzXC8yMDIyXC8wNVwvWTJNYXRlLmlzLTEwMG0yLXBvZGVhLWNhbGRhLWN1LWZvbGllLWluZnJhcm9zaWUtY2EtaW5jYWx6aXJlLWRlLWJhemEuLTl6b25lLWRlLWx1Y3J1Li1UZWwuMDc4LTcwMDAtNDUtdkZxLWk4TnJsQ0UtNzIwcC0xNjUxOTM3NjI4NTAxLm1wNCIsIm1vZGFsT3B0aW9ucyI6eyJpZCI6ImVsZW1lbnRvci1saWdodGJveC04ZjBiZjkyIiwiZW50cmFuY2VBbmltYXRpb24iOiIiLCJlbnRyYW5jZUFuaW1hdGlvbl90YWJsZXQiOiIiLCJlbnRyYW5jZUFuaW1hdGlvbl9tb2JpbGUiOiIiLCJ2aWRlb0FzcGVjdFJhdGlvIjoiMTY5In0sInZpZGVvUGFyYW1zIjp7ImNvbnRyb2xzIjoiIiwiY29udHJvbHNMaXN0Ijoibm9kb3dubG9hZCJ9fQ%3D%3D\">\n\t\t\t\t\t\t\t\t\t\t\t<img decoding=\"async\" src=\"https:\/\/incalzire.md\/wp-content\/uploads\/elementor\/thumbs\/button-play-pnqnx35tj7ovf3xvvt0a7pkyscmlrxgvb4f257bkf4.png\" title=\"button-play\" alt=\"button-play\" \/>\t\t\t\t\t\t\t\t\t\t\t\t\t\t<\/div>\n\t\t\t\t\t<\/div>\n\t\t\t\t<\/div>\n\t\t\t\t<\/div>\n\t\t\t\t\t<\/div>\n\t\t<\/div>\n\t\t\t\t\t\t\t<\/div>\n\t\t<\/section>\n\t\t\t\t\t<\/div>\n\t\t<\/div>\n\t\t\t\t\t\t\t<\/div>\n\t\t<\/section>\n\t\t\t\t\t\t\t<\/div>\n\t\t","protected":false},"excerpt":{"rendered":"<p>Toate Lucr\u0103ri exterioare Lucr\u0103ri interioare Lucr\u0103ri exterioare Instalare cablu de \u00eenc\u0103lzire exterior Lucr\u0103ri interioare Instalare pelicul\u0103 de \u00eenc\u0103lzire cu infraro\u0219u WE LOVE WHAT WE DO. Lorem ipsum dolor sit amet, consectetur adipiscing elit. Morbi ut mi at lectus rhoncus dictum nec placerat velit. Fusce tempus at nulla eget dapibus. Mauris at imperdiet risus. Aliquam dignissim [&hellip;]<\/p>\n","protected":false},"author":1,"featured_media":0,"parent":0,"menu_order":0,"comment_status":"closed","ping_status":"closed","template":"","meta":{"_mi_skip_tracking":false,"footnotes":""},"class_list":["post-18998","page","type-page","status-publish","hentry"],"_links":{"self":[{"href":"https:\/\/incalzire.md\/ru\/wp-json\/wp\/v2\/pages\/18998","targetHints":{"allow":["GET"]}}],"collection":[{"href":"https:\/\/incalzire.md\/ru\/wp-json\/wp\/v2\/pages"}],"about":[{"href":"https:\/\/incalzire.md\/ru\/wp-json\/wp\/v2\/types\/page"}],"author":[{"embeddable":true,"href":"https:\/\/incalzire.md\/ru\/wp-json\/wp\/v2\/users\/1"}],"replies":[{"embeddable":true,"href":"https:\/\/incalzire.md\/ru\/wp-json\/wp\/v2\/comments?post=18998"}],"version-history":[{"count":22,"href":"https:\/\/incalzire.md\/ru\/wp-json\/wp\/v2\/pages\/18998\/revisions"}],"predecessor-version":[{"id":19592,"href":"https:\/\/incalzire.md\/ru\/wp-json\/wp\/v2\/pages\/18998\/revisions\/19592"}],"wp:attachment":[{"href":"https:\/\/incalzire.md\/ru\/wp-json\/wp\/v2\/media?parent=18998"}],"curies":[{"name":"wp","href":"https:\/\/api.w.org\/{rel}","templated":true}]}}